{"id":380,"date":"2020-04-18T12:52:14","date_gmt":"2020-04-18T10:52:14","guid":{"rendered":"https:\/\/la-musique-et-vous.com\/formation\/wp-formation\/?post_type=product&#038;p=380"},"modified":"2020-05-11T09:58:17","modified_gmt":"2020-05-11T07:58:17","slug":"module-8-se-preparer-a-jouer-en-public","status":"publish","type":"product","link":"https:\/\/la-musique-et-vous.com\/formation\/wp-formation\/produit\/module-8-se-preparer-a-jouer-en-public\/","title":{"rendered":"Module 8 : Se pr\u00e9parer \u00e0 jouer en public"},"content":{"rendered":"<p>Ce module est extrait de la formation en ligne \u00ab\u00a0Mon enfant apprend la musique, je l&rsquo;accompagne\u00a0\u00bb.<\/p>\n<p>Dans le module 8, vous apprendrez plusieurs techniques pour aider un enfant (ou vous-m\u00eame) \u00e0 <strong>se pr\u00e9parer \u00e0 jouer en public<\/strong> (concerts, auditions, examens&#8230;) et l&rsquo;aider \u00e0 g\u00e9rer le trac et \u00e0 avoir confiance en lui pour que cela soit une exp\u00e9rience enrichissante et enthousiasmante (avec 3 mp3 de relaxation inclus).<\/p>\n","protected":false},"excerpt":{"rendered":"<p>Dans ce module, vous apprendrez plusieurs techniques pour aider un enfant (ou vous-m\u00eame) \u00e0 <strong>se pr\u00e9parer \u00e0 jouer en public<\/strong> (concerts, auditions, examens&#8230;) et l&rsquo;aider \u00e0 g\u00e9rer le trac et \u00e0 avoir confiance en lui pour que cela soit une exp\u00e9rience enrichissante et enthousiasmante (avec 3 mp3 de relaxation inclus).<\/p>\n","protected":false},"featured_media":372,"comment_status":"closed","ping_status":"closed","template":"","meta":[],"product_brand":[],"product_cat":[15],"product_tag":[],"class_list":{"0":"post-380","1":"product","2":"type-product","3":"status-publish","4":"has-post-thumbnail","6":"product_cat-non-classe","8":"first","9":"instock","10":"downloadable","11":"virtual","12":"purchasable","13":"product-type-simple"},"jetpack_sharing_enabled":true,"_links":{"self":[{"href":"https:\/\/la-musique-et-vous.com\/formation\/wp-formation\/wp-json\/wp\/v2\/product\/380","targetHints":{"allow":["GET"]}}],"collection":[{"href":"https:\/\/la-musique-et-vous.com\/formation\/wp-formation\/wp-json\/wp\/v2\/product"}],"about":[{"href":"https:\/\/la-musique-et-vous.com\/formation\/wp-formation\/wp-json\/wp\/v2\/types\/product"}],"replies":[{"embeddable":true,"href":"https:\/\/la-musique-et-vous.com\/formation\/wp-formation\/wp-json\/wp\/v2\/comments?post=380"}],"wp:featuredmedia":[{"embeddable":true,"href":"https:\/\/la-musique-et-vous.com\/formation\/wp-formation\/wp-json\/wp\/v2\/media\/372"}],"wp:attachment":[{"href":"https:\/\/la-musique-et-vous.com\/formation\/wp-formation\/wp-json\/wp\/v2\/media?parent=380"}],"wp:term":[{"taxonomy":"product_brand","embeddable":true,"href":"https:\/\/la-musique-et-vous.com\/formation\/wp-formation\/wp-json\/wp\/v2\/product_brand?post=380"},{"taxonomy":"product_cat","embeddable":true,"href":"https:\/\/la-musique-et-vous.com\/formation\/wp-formation\/wp-json\/wp\/v2\/product_cat?post=380"},{"taxonomy":"product_tag","embeddable":true,"href":"https:\/\/la-musique-et-vous.com\/formation\/wp-formation\/wp-json\/wp\/v2\/product_tag?post=380"}],"curies":[{"name":"wp","href":"https:\/\/api.w.org\/{rel}","templated":true}]}}