{"id":378,"date":"2020-04-18T12:19:10","date_gmt":"2020-04-18T10:19:10","guid":{"rendered":"https:\/\/la-musique-et-vous.com\/formation\/wp-formation\/?post_type=product&#038;p=378"},"modified":"2020-05-11T10:00:17","modified_gmt":"2020-05-11T08:00:17","slug":"module-6-aider-un-enfant-a-tenir-sur-la-duree-dans-son-apprentissage-musical","status":"publish","type":"product","link":"https:\/\/la-musique-et-vous.com\/formation\/wp-formation\/produit\/module-6-aider-un-enfant-a-tenir-sur-la-duree-dans-son-apprentissage-musical\/","title":{"rendered":"Module 6 :  Aider un enfant \u00e0 tenir sur la dur\u00e9e dans son apprentissage musical"},"content":{"rendered":"<p>Ce module vous permettra de maintenir les bonnes habitudes pour que votre enfant (ou vos \u00e9l\u00e8ves) <strong>poursuive son apprentissage de nombreuses ann\u00e9es\u00a0<\/strong>:<br \/>\n\u2022 Conna\u00eetre des astuces pour que votre enfant ait <strong>envie de jouer<\/strong><br \/>\n\u2022 D\u00e9terminer pr\u00e9cis\u00e9ment l\u2019<strong>objectif<\/strong> \u00e0 atteindre<br \/>\n\u2022 <strong>D\u00e9composer<\/strong> les objectifs principaux en petits objectifs<br \/>\n\u2022 Les rapports avec le <strong>professeur<\/strong><br \/>\n\u2022 Les <strong>pi\u00e8ges \u00e0 \u00e9viter<\/strong> pour ne pas saborder le parcours de l&rsquo;enfant<br \/>\n\u2022 Lutter contre la <strong>procrastination<\/strong><br \/>\n\u2022 Objectif : <strong>autonomie !<\/strong><\/p>\n","protected":false},"excerpt":{"rendered":"<p>Ce module est extrait de la formation en ligne \u00ab\u00a0Mon enfant apprend la musique, je l&rsquo;accompagne\u00a0\u00bb.<br \/>\nLe module 6 permet de trouver des pistes afin que votre enfant (ou vos \u00e9l\u00e8ves) garde sa <strong>motivation sur la dur\u00e9e,<\/strong> malgr\u00e9 les in\u00e9vitables baisses d\u2019enthousiasme.<br \/>\n(voir description compl\u00e8te ci-dessous)<\/p>\n","protected":false},"featured_media":373,"comment_status":"closed","ping_status":"closed","template":"","meta":[],"product_brand":[],"product_cat":[15],"product_tag":[],"class_list":{"0":"post-378","1":"product","2":"type-product","3":"status-publish","4":"has-post-thumbnail","6":"product_cat-non-classe","8":"first","9":"instock","10":"downloadable","11":"virtual","12":"purchasable","13":"product-type-simple"},"jetpack_sharing_enabled":true,"_links":{"self":[{"href":"https:\/\/la-musique-et-vous.com\/formation\/wp-formation\/wp-json\/wp\/v2\/product\/378","targetHints":{"allow":["GET"]}}],"collection":[{"href":"https:\/\/la-musique-et-vous.com\/formation\/wp-formation\/wp-json\/wp\/v2\/product"}],"about":[{"href":"https:\/\/la-musique-et-vous.com\/formation\/wp-formation\/wp-json\/wp\/v2\/types\/product"}],"replies":[{"embeddable":true,"href":"https:\/\/la-musique-et-vous.com\/formation\/wp-formation\/wp-json\/wp\/v2\/comments?post=378"}],"wp:featuredmedia":[{"embeddable":true,"href":"https:\/\/la-musique-et-vous.com\/formation\/wp-formation\/wp-json\/wp\/v2\/media\/373"}],"wp:attachment":[{"href":"https:\/\/la-musique-et-vous.com\/formation\/wp-formation\/wp-json\/wp\/v2\/media?parent=378"}],"wp:term":[{"taxonomy":"product_brand","embeddable":true,"href":"https:\/\/la-musique-et-vous.com\/formation\/wp-formation\/wp-json\/wp\/v2\/product_brand?post=378"},{"taxonomy":"product_cat","embeddable":true,"href":"https:\/\/la-musique-et-vous.com\/formation\/wp-formation\/wp-json\/wp\/v2\/product_cat?post=378"},{"taxonomy":"product_tag","embeddable":true,"href":"https:\/\/la-musique-et-vous.com\/formation\/wp-formation\/wp-json\/wp\/v2\/product_tag?post=378"}],"curies":[{"name":"wp","href":"https:\/\/api.w.org\/{rel}","templated":true}]}}