{"id":377,"date":"2020-04-18T11:57:05","date_gmt":"2020-04-18T09:57:05","guid":{"rendered":"https:\/\/la-musique-et-vous.com\/formation\/wp-formation\/?post_type=product&#038;p=377"},"modified":"2020-05-11T10:04:45","modified_gmt":"2020-05-11T08:04:45","slug":"module-5-les-outils-de-la-psychologie-positive-appliques-a-lapprentissage-musical","status":"publish","type":"product","link":"https:\/\/la-musique-et-vous.com\/formation\/wp-formation\/produit\/module-5-les-outils-de-la-psychologie-positive-appliques-a-lapprentissage-musical\/","title":{"rendered":"Module 5 : Les outils de la psychologie positive appliqu\u00e9s \u00e0 l\u2019apprentissage musical"},"content":{"rendered":"<p>On parle beaucoup de psychologie positive et c&rsquo;est une bonne chose. Mais quand il s&rsquo;agit d&rsquo;apprentissage musical, on ne sait pas toujours comment s&rsquo;y prendre pour conserver une bonne relation avec son enfant ou ses \u00e9l\u00e8ves. La d\u00e9motivation et les conflits sont parfois des freins \u00e0 l&rsquo;apprentissage. Aussi dans ce module, vous apprendrez \u00e0 :<\/p>\n<p>\u2022 Conna\u00eetre les bases de la <strong>psychologie de la motivation et de l&rsquo;apprentissage<\/strong> et<strong> communiquer <\/strong>de mani\u00e8re efficace<br \/>\n\u2022 <strong>Conna\u00eetre vos propres limites<\/strong> et celles de votre enfant (ou de vos \u00e9l\u00e8ves)<br \/>\n\u2022 Lutter contre les <strong>id\u00e9es n\u00e9gatives<\/strong> et g\u00e9rer les <strong>conflits<\/strong><br \/>\n\u2022 Sans punition ni chantage\u00a0: les bases d\u2019une <strong>\u00e9ducation positive<\/strong> appliqu\u00e9e \u00e0 la musique.<\/p>\n","protected":false},"excerpt":{"rendered":"<p>Ce module est extrait de la formation en ligne \u00ab\u00a0Mon enfant apprend la musique, je l&rsquo;accompagne\u00a0\u00bb.<br \/>\nLe module 5 vous permettra de mieux conna\u00eetre les <strong>principes de la psychologie positive<\/strong> et surtout de les <strong>adapter efficacement \u00e0 l&rsquo;apprentissage musical<\/strong> de votre enfant (ou de vos \u00e9l\u00e8ves si vous \u00eates professeur\u00b7e)<br \/>\n(voir description compl\u00e8te ci-dessous)<\/p>\n","protected":false},"featured_media":375,"comment_status":"closed","ping_status":"closed","template":"","meta":[],"product_brand":[],"product_cat":[15],"product_tag":[],"class_list":{"0":"post-377","1":"product","2":"type-product","3":"status-publish","4":"has-post-thumbnail","6":"product_cat-non-classe","8":"first","9":"instock","10":"downloadable","11":"virtual","12":"purchasable","13":"product-type-simple"},"jetpack_sharing_enabled":true,"_links":{"self":[{"href":"https:\/\/la-musique-et-vous.com\/formation\/wp-formation\/wp-json\/wp\/v2\/product\/377","targetHints":{"allow":["GET"]}}],"collection":[{"href":"https:\/\/la-musique-et-vous.com\/formation\/wp-formation\/wp-json\/wp\/v2\/product"}],"about":[{"href":"https:\/\/la-musique-et-vous.com\/formation\/wp-formation\/wp-json\/wp\/v2\/types\/product"}],"replies":[{"embeddable":true,"href":"https:\/\/la-musique-et-vous.com\/formation\/wp-formation\/wp-json\/wp\/v2\/comments?post=377"}],"wp:featuredmedia":[{"embeddable":true,"href":"https:\/\/la-musique-et-vous.com\/formation\/wp-formation\/wp-json\/wp\/v2\/media\/375"}],"wp:attachment":[{"href":"https:\/\/la-musique-et-vous.com\/formation\/wp-formation\/wp-json\/wp\/v2\/media?parent=377"}],"wp:term":[{"taxonomy":"product_brand","embeddable":true,"href":"https:\/\/la-musique-et-vous.com\/formation\/wp-formation\/wp-json\/wp\/v2\/product_brand?post=377"},{"taxonomy":"product_cat","embeddable":true,"href":"https:\/\/la-musique-et-vous.com\/formation\/wp-formation\/wp-json\/wp\/v2\/product_cat?post=377"},{"taxonomy":"product_tag","embeddable":true,"href":"https:\/\/la-musique-et-vous.com\/formation\/wp-formation\/wp-json\/wp\/v2\/product_tag?post=377"}],"curies":[{"name":"wp","href":"https:\/\/api.w.org\/{rel}","templated":true}]}}