{"id":333,"date":"2020-04-12T20:45:34","date_gmt":"2020-04-12T18:45:34","guid":{"rendered":"https:\/\/la-musique-et-vous.com\/formation\/wp-formation\/?post_type=product&#038;p=333"},"modified":"2020-05-11T10:02:30","modified_gmt":"2020-05-11T08:02:30","slug":"module-4-aider-son-enfant-a-pratiquer-quotidiennement-la-musique","status":"publish","type":"product","link":"https:\/\/la-musique-et-vous.com\/formation\/wp-formation\/produit\/module-4-aider-son-enfant-a-pratiquer-quotidiennement-la-musique\/","title":{"rendered":"Module 4 : aider son enfant \u00e0 pratiquer quotidiennement la musique"},"content":{"rendered":"<p><strong>Module 4 : aider son enfant \u00e0 pratiquer quotidiennement la musique.<\/strong><br \/>\n<strong>ABC de la pratique quotidienne<\/strong><br \/>\nUn module pour vous aider \u00e0 comprendre comment vous allez pouvoir <strong>aider votre enfant au quotidien<\/strong>, en installant de <strong>bonnes habitudes<\/strong>\u00a0:<br \/>\n\u2022 Pourquoi et comment l\u2019enfant peut-il <strong>pratiquer tous les jours<\/strong>\u00a0? Comment installer des habitudes, des routines \u00e0 la maison\u00a0?<br \/>\n\u2022 Comment <strong>faire travailler un morceau<\/strong> \u00e0 votre enfant ? Quand devez vous lui \u00ab\u00a0l\u00e2cher les baskets\u00a0\u00bb et lui faire confiance ?<br \/>\n\u2022 Comment <strong>rep\u00e9rer les mauvaises habitudes<\/strong> et les signes avant-coureurs d\u2019une p\u00e9riode de <strong>d\u00e9motivation<\/strong> (d\u00e9samorcer)<\/p>\n<p>Dans ce module vous est <strong>offert un semainier musical<\/strong> qui permet \u00e0 votre enfant de pratiquer plus r\u00e9guli\u00e8rement son instrument.<\/p>\n<p><img loading=\"lazy\" decoding=\"async\" class=\"aligncenter\" src=\"https:\/\/la-musique-et-vous.com\/formation\/wp-formation\/wp-content\/uploads\/2020\/04\/Module-4-Semainier-musical-vignette.jpg\" width=\"276\" height=\"294\" \/><\/p>\n","protected":false},"excerpt":{"rendered":"<p>Ce module est extrait de la formation en ligne \u00ab\u00a0Mon enfant apprend la musique, je l&rsquo;accompagne\u00a0\u00bb.<\/p>\n<p><strong>Il vous est offert durant le confinement.<\/strong><\/p>\n<p>Le module 4 propose un ABC de la pratique quotidienne, en vous aidant \u00e0 comprendre comment vous allez pouvoir <strong>aider votre enfant chaque jour<\/strong>, en installant de <strong>bonnes habitudes<\/strong>.<\/p>\n<p>(voir description compl\u00e8te ci-dessous)<\/p>\n","protected":false},"featured_media":376,"comment_status":"closed","ping_status":"closed","template":"","meta":[],"product_brand":[],"product_cat":[15],"product_tag":[],"class_list":{"0":"post-333","1":"product","2":"type-product","3":"status-publish","4":"has-post-thumbnail","6":"product_cat-non-classe","8":"first","9":"instock","10":"downloadable","11":"virtual","12":"purchasable","13":"product-type-simple"},"jetpack_sharing_enabled":true,"_links":{"self":[{"href":"https:\/\/la-musique-et-vous.com\/formation\/wp-formation\/wp-json\/wp\/v2\/product\/333","targetHints":{"allow":["GET"]}}],"collection":[{"href":"https:\/\/la-musique-et-vous.com\/formation\/wp-formation\/wp-json\/wp\/v2\/product"}],"about":[{"href":"https:\/\/la-musique-et-vous.com\/formation\/wp-formation\/wp-json\/wp\/v2\/types\/product"}],"replies":[{"embeddable":true,"href":"https:\/\/la-musique-et-vous.com\/formation\/wp-formation\/wp-json\/wp\/v2\/comments?post=333"}],"wp:featuredmedia":[{"embeddable":true,"href":"https:\/\/la-musique-et-vous.com\/formation\/wp-formation\/wp-json\/wp\/v2\/media\/376"}],"wp:attachment":[{"href":"https:\/\/la-musique-et-vous.com\/formation\/wp-formation\/wp-json\/wp\/v2\/media?parent=333"}],"wp:term":[{"taxonomy":"product_brand","embeddable":true,"href":"https:\/\/la-musique-et-vous.com\/formation\/wp-formation\/wp-json\/wp\/v2\/product_brand?post=333"},{"taxonomy":"product_cat","embeddable":true,"href":"https:\/\/la-musique-et-vous.com\/formation\/wp-formation\/wp-json\/wp\/v2\/product_cat?post=333"},{"taxonomy":"product_tag","embeddable":true,"href":"https:\/\/la-musique-et-vous.com\/formation\/wp-formation\/wp-json\/wp\/v2\/product_tag?post=333"}],"curies":[{"name":"wp","href":"https:\/\/api.w.org\/{rel}","templated":true}]}}