{"id":332,"date":"2020-04-12T20:39:42","date_gmt":"2020-04-12T18:39:42","guid":{"rendered":"https:\/\/la-musique-et-vous.com\/formation\/wp-formation\/?post_type=product&#038;p=332"},"modified":"2020-04-18T13:03:07","modified_gmt":"2020-04-18T11:03:07","slug":"module-2","status":"publish","type":"product","link":"https:\/\/la-musique-et-vous.com\/formation\/wp-formation\/produit\/module-2\/","title":{"rendered":"Module 2 : Jeux musicaux"},"content":{"rendered":"<p><strong>Module 2 : Jeux musicaux avec votre enfant (ou vos \u00e9l\u00e8ves) pour l\u2019aider dans son apprentissage.<\/strong><br \/>\nQuel que soit l&rsquo;instrument de votre enfant, quel que soit votre niveau musical, dans ce module, vous apprendrez diff\u00e9rents types de jeux \u00e0 faire avec votre enfant (ou vos \u00e9l\u00e8ves) pour d\u00e9velopper sa cr\u00e9ativit\u00e9, l\u2019aider \u00e0 progresser dans son apprentissage et tisser un lien fort avec son instrument :<br \/>\n\u2022 <strong>Improviser en famille<\/strong> que vous soyez musicien ou non<br \/>\n\u2022 <strong>Jouer avec sa voix<\/strong>, m\u00eame si vous pensez \u00ab\u00a0chanter faux\u00a0\u00bb<br \/>\n\u2022 <strong>Lib\u00e9rer les tensions<\/strong> et mobiliser les <strong>tr\u00e9sors de cr\u00e9ativit\u00e9<\/strong> de votre enfant gr\u00e2ce aux<strong> jeux sonores<\/strong>, d\u00e8s qu&rsquo;il sait jouer ses premi\u00e8res notes de musique<br \/>\n\u2022 Cr\u00e9er de la <strong>complicit\u00e9 au quotidien<\/strong>, en musique, gr\u00e2ce \u00e0 l&rsquo;improvisation<\/p>\n","protected":false},"excerpt":{"rendered":"<p>Ce module est extrait de la formation en ligne \u00ab\u00a0Mon enfant apprend la musique, je l&rsquo;accompagne\u00a0\u00bb.<\/p>\n<p>Le module 2 propose une multitudes d&rsquo;<strong>id\u00e9es de jeux musicaux<\/strong> pour aider votre enfant ou vos \u00e9l\u00e8ves \u00e0 <strong>d\u00e9velopper leur cr\u00e9ativit\u00e9<\/strong>, les aider \u00e0<strong> progresser dans leur apprentissage<\/strong> et <strong>tisser un lien fort avec leur instrument<\/strong>.<\/p>\n<p>(voir description pr\u00e9cise ci-dessous)<\/p>\n","protected":false},"featured_media":369,"comment_status":"closed","ping_status":"closed","template":"","meta":[],"product_brand":[],"product_cat":[15],"product_tag":[],"class_list":{"0":"post-332","1":"product","2":"type-product","3":"status-publish","4":"has-post-thumbnail","6":"product_cat-non-classe","8":"first","9":"instock","10":"downloadable","11":"virtual","12":"purchasable","13":"product-type-simple"},"jetpack_sharing_enabled":true,"_links":{"self":[{"href":"https:\/\/la-musique-et-vous.com\/formation\/wp-formation\/wp-json\/wp\/v2\/product\/332","targetHints":{"allow":["GET"]}}],"collection":[{"href":"https:\/\/la-musique-et-vous.com\/formation\/wp-formation\/wp-json\/wp\/v2\/product"}],"about":[{"href":"https:\/\/la-musique-et-vous.com\/formation\/wp-formation\/wp-json\/wp\/v2\/types\/product"}],"replies":[{"embeddable":true,"href":"https:\/\/la-musique-et-vous.com\/formation\/wp-formation\/wp-json\/wp\/v2\/comments?post=332"}],"wp:featuredmedia":[{"embeddable":true,"href":"https:\/\/la-musique-et-vous.com\/formation\/wp-formation\/wp-json\/wp\/v2\/media\/369"}],"wp:attachment":[{"href":"https:\/\/la-musique-et-vous.com\/formation\/wp-formation\/wp-json\/wp\/v2\/media?parent=332"}],"wp:term":[{"taxonomy":"product_brand","embeddable":true,"href":"https:\/\/la-musique-et-vous.com\/formation\/wp-formation\/wp-json\/wp\/v2\/product_brand?post=332"},{"taxonomy":"product_cat","embeddable":true,"href":"https:\/\/la-musique-et-vous.com\/formation\/wp-formation\/wp-json\/wp\/v2\/product_cat?post=332"},{"taxonomy":"product_tag","embeddable":true,"href":"https:\/\/la-musique-et-vous.com\/formation\/wp-formation\/wp-json\/wp\/v2\/product_tag?post=332"}],"curies":[{"name":"wp","href":"https:\/\/api.w.org\/{rel}","templated":true}]}}