{"id":328,"date":"2020-04-12T20:40:56","date_gmt":"2020-04-12T18:40:56","guid":{"rendered":"https:\/\/la-musique-et-vous.com\/formation\/wp-formation\/?post_type=product&#038;p=328"},"modified":"2020-04-18T13:09:20","modified_gmt":"2020-04-18T11:09:20","slug":"module-3-integrer-ou-revoir-les-bases-du-solfege","status":"publish","type":"product","link":"https:\/\/la-musique-et-vous.com\/formation\/wp-formation\/produit\/module-3-integrer-ou-revoir-les-bases-du-solfege\/","title":{"rendered":"Module 3 : Int\u00e9grer ou revoir les bases du solf\u00e8ge"},"content":{"rendered":"<p><strong>Module 3 : Int\u00e9grer ou revoir quelques bases de solf\u00e8ge<\/strong><\/p>\n<p>Ce cours permet \u00e0 tous de voir ou revoir les notions solf\u00e9giques de base, vous apporte des ressources en ligne et outils pour que vous ayez quelques rep\u00e8res, et si besoin, vous r\u00e9concilier avec le solf\u00e8ge. Notions abord\u00e9es :<\/p>\n<ul>\n<li>la port\u00e9e<\/li>\n<li>les clefs<\/li>\n<li>lire les notes<\/li>\n<li>les diff\u00e9rentes mesures<\/li>\n<li>la tonalit\u00e9<\/li>\n<li>les gammes<\/li>\n<li>les modes<\/li>\n<li>les rythmes<\/li>\n<li>la transposition&#8230;<\/li>\n<\/ul>\n","protected":false},"excerpt":{"rendered":"<div class=\"woocommerce-product-details__short-description\">\n<p>Ce module est extrait de la formation en ligne \u00ab\u00a0Mon enfant apprend la musique, je l\u2019accompagne\u00a0\u00bb.<\/p>\n<p>Le module 3 permet \u00e0 tous de voir ou revoir les bases du solf\u00e8ge.<\/p>\n<p>(voir description d\u00e9taill\u00e9e ci-dessous)<\/p>\n<\/div>\n","protected":false},"featured_media":329,"comment_status":"closed","ping_status":"closed","template":"","meta":[],"product_brand":[],"product_cat":[15],"product_tag":[],"class_list":{"0":"post-328","1":"product","2":"type-product","3":"status-publish","4":"has-post-thumbnail","6":"product_cat-non-classe","8":"first","9":"instock","10":"downloadable","11":"virtual","12":"purchasable","13":"product-type-simple"},"jetpack_sharing_enabled":true,"_links":{"self":[{"href":"https:\/\/la-musique-et-vous.com\/formation\/wp-formation\/wp-json\/wp\/v2\/product\/328","targetHints":{"allow":["GET"]}}],"collection":[{"href":"https:\/\/la-musique-et-vous.com\/formation\/wp-formation\/wp-json\/wp\/v2\/product"}],"about":[{"href":"https:\/\/la-musique-et-vous.com\/formation\/wp-formation\/wp-json\/wp\/v2\/types\/product"}],"replies":[{"embeddable":true,"href":"https:\/\/la-musique-et-vous.com\/formation\/wp-formation\/wp-json\/wp\/v2\/comments?post=328"}],"wp:featuredmedia":[{"embeddable":true,"href":"https:\/\/la-musique-et-vous.com\/formation\/wp-formation\/wp-json\/wp\/v2\/media\/329"}],"wp:attachment":[{"href":"https:\/\/la-musique-et-vous.com\/formation\/wp-formation\/wp-json\/wp\/v2\/media?parent=328"}],"wp:term":[{"taxonomy":"product_brand","embeddable":true,"href":"https:\/\/la-musique-et-vous.com\/formation\/wp-formation\/wp-json\/wp\/v2\/product_brand?post=328"},{"taxonomy":"product_cat","embeddable":true,"href":"https:\/\/la-musique-et-vous.com\/formation\/wp-formation\/wp-json\/wp\/v2\/product_cat?post=328"},{"taxonomy":"product_tag","embeddable":true,"href":"https:\/\/la-musique-et-vous.com\/formation\/wp-formation\/wp-json\/wp\/v2\/product_tag?post=328"}],"curies":[{"name":"wp","href":"https:\/\/api.w.org\/{rel}","templated":true}]}}