{"id":203,"date":"2020-04-12T16:19:45","date_gmt":"2020-04-12T14:19:45","guid":{"rendered":"https:\/\/la-musique-et-vous.com\/formation\/wp-formation\/?post_type=product&#038;p=203"},"modified":"2020-06-19T07:45:40","modified_gmt":"2020-06-19T05:45:40","slug":"formation-complete-mon-enfant-apprend-la-musique-je-laccompagne","status":"publish","type":"product","link":"https:\/\/la-musique-et-vous.com\/formation\/wp-formation\/produit\/formation-complete-mon-enfant-apprend-la-musique-je-laccompagne\/","title":{"rendered":"Formation compl\u00e8te \u00ab\u00a0Mon enfant apprend la musique, je l&rsquo;accompagne\u00a0\u00bb (8 modules + 3 bonus)"},"content":{"rendered":"<p>Formation en ligne \u00e0 destination des <strong>parents<\/strong>, qu&rsquo;ils aient fait de la musique ou non, dont l\u2019<strong>enfant pratique ou souhaite pratiquer la musique<\/strong>. Cette formation a \u00e9galement \u00e9t\u00e9 suivie par de nombreux <strong>professeurs<\/strong> qui y trouvent une mine de ressources pour <strong>enrichir leur p\u00e9dagogie<\/strong>.<\/p>\n<div style=\"width: 525px;\" class=\"wp-video\"><video class=\"wp-video-shortcode\" id=\"video-203-1\" width=\"525\" height=\"295\" preload=\"metadata\" controls=\"controls\"><source type=\"video\/mp4\" src=\"https:\/\/la-musique-et-vous.com\/formation\/wp-formation\/wp-content\/uploads\/2020\/04\/Video-second-lancement-version-2.mp4?_=1\" \/><a href=\"https:\/\/la-musique-et-vous.com\/formation\/wp-formation\/wp-content\/uploads\/2020\/04\/Video-second-lancement-version-2.mp4\">https:\/\/la-musique-et-vous.com\/formation\/wp-formation\/wp-content\/uploads\/2020\/04\/Video-second-lancement-version-2.mp4<\/a><\/video><\/div>\n<p><em>Vous aimeriez accompagner votre enfant dans cette belle aventure qu&rsquo;est l&rsquo;apprentissage de la musique, afin qu\u2019il soit motiv\u00e9 et en retire un vrai plaisir ?<\/em><br \/>\n<em>Que vous soyez musicien ou non, cette formation vous propose des outils pour insuffler et entretenir la passion de la musique chez votre enfant et vivre de bons moments complices en famille.<\/em><\/p>\n<p>Durant cette formation, je mets mes comp\u00e9tences et mon exp\u00e9rience d&rsquo;enseignante et de maman \u00e0 votre service pour vous guider pas \u00e0 pas et r\u00e9pondre \u00e0 vos questions. Cette formation en ligne est constitu\u00e9e de <strong>8 modules<\/strong>, que vous suivez \u00e0 votre rythme. Mon conseil est de la suivre sur 6 mois, \u00e0 raison de 30 minutes de visionnage et de lecture par semaine en moyenne.<\/p>\n<p><strong>Cette formation est pour vous\u00a0:<\/strong><br \/>\n\u2022 Si l\u2019apprentissage de la musique est <strong>une chance que vous souhaitez offrir \u00e0 votre enfant<\/strong>, s\u2019il en a le d\u00e9sir<br \/>\n\u2022 Si vous voulez aider votre enfant \u00e0 <strong>conserver sa motivation<\/strong>, \u00e0 pratiquer r\u00e9guli\u00e8rement, autrement que sous la contrainte<br \/>\n\u2022 Si vous vous int\u00e9ressez aux <strong>p\u00e9dagogies innovantes<\/strong> (Montessori, O Passo, Suzuki, tag teach\u2026) et vous \u00eates curieux\u00b7se de d\u00e9couvrir des mani\u00e8res <strong>ludiques d\u2019aborder la musique<\/strong> (sans vous enfermer dans une seule m\u00e9thode)<br \/>\n\u2022 Si vous voulez d\u00e9couvrir des <strong>outils simples<\/strong> pour aider votre enfant dans sa <strong>pratique quotidienne<\/strong><br \/>\n\u2022 Si vous voulez que la musique fasse <strong>partie int\u00e9grante de votre vie de famille<\/strong>, de votre quotidien<br \/>\n\u2022 Si vous voulez <strong>enrichir votre culture musicale<\/strong> en famille<br \/>\n\u2022 Si vous voulez aider votre enfant \u00e0 \u00eatre<strong> un musicien curieux, vivant, passionn\u00e9<\/strong><\/p>\n<p><strong>Cette formation n\u2019est pas pour vous\u00a0:<\/strong><br \/>\n\u2022 Si votre enfant n\u2019a aucune envie de faire de la musique<br \/>\n\u2022 Si vous souhaitez vous substituer \u00e0 cet incomp\u00e9tent de prof d\u2019instrument qui ne reconna\u00eet pas le g\u00e9nie de votre prog\u00e9niture<br \/>\n\u2022 Si vous souhaitez trouver des moyens de pression efficaces pour que votre petit Alb\u00e9ric fasse ses 4h de gammes quotidiennes<br \/>\n\u2022 Si vous aimez les supports p\u00e9dagogiques avec de zolies fleurs et de zolis zarcs-en-ciel (bref, si vous aimez le \u00ab\u00a0langage b\u00e9b\u00e9\u00a0\u00bb qu\u2019on sert \u00e0 toutes les sauces \u00e0 nos enfants)<\/p>\n<p><strong>Voici le programme de votre formation :<\/strong><br \/>\nLe programme de 8 modules que vous suivez \u00e0 votre rythme est ponctu\u00e9 d\u2019<strong>interviews de sp\u00e9cialistes<\/strong> et de <strong>vid\u00e9os de mise en situation<\/strong> avec des enfants (d\u00e9butants et non-d\u00e9butants).<br \/>\nVous conservez cet acc\u00e8s pendant un an au total depuis le moment de votre inscription. Durant tout ce parcours,<strong> je suis \u00e0 vos c\u00f4t\u00e9s pour vous accompagner<\/strong> en r\u00e9pondant \u00e0 vos questions.<\/p>\n<p><strong>Module 1\u00a0: Pour bien commencer<\/strong><br \/>\n<img loading=\"lazy\" decoding=\"async\" class=\"\" src=\"https:\/\/la-musique-et-vous.com\/formation\/wp-formation\/wp-content\/uploads\/2020\/04\/Module-1-pour-bien-d\u00e9buter.jpg\" width=\"450\" height=\"377\" \/><br \/>\nCe module s\u2019adresse surtout aux parents dont l\u2019enfant va d\u00e9buter, mais il sera \u00e9galement utile si votre enfant a d\u00e9j\u00e0 commenc\u00e9 son apprentissage.<br \/>\n\u2022 Nourrir l\u2019envie de musique et d\u00e9velopper la culture musicale<br \/>\n\u2022 Mettre la musique dans le quotidien de l\u2019enfant<br \/>\n\u2022 Les motivations<br \/>\n\u2022 Premi\u00e8res questions : \u00e9cole, conservatoire ou prof particulier ? Acheter ou louer l&rsquo;instrument ? Solf\u00e8ge ? \u00c2ge pour d\u00e9buter ? Choix de l&rsquo;instrument\u2026<\/p>\n<p><strong>Module 2 : La puissance du jeu<\/strong><br \/>\n<img loading=\"lazy\" decoding=\"async\" class=\"\" src=\"https:\/\/la-musique-et-vous.com\/formation\/wp-formation\/wp-content\/uploads\/2020\/04\/Module-2-jeux-musicaux.jpg\" width=\"450\" height=\"377\" \/><br \/>\n\u2022 Improviser en famille que vous soyez musicien ou non<br \/>\n\u2022 Jouer avec sa voix, m\u00eame si vous pensez \u00ab\u00a0chanter faux\u00a0\u00bb<br \/>\n\u2022 Lib\u00e9rer les tensions et mobiliser les tr\u00e9sors de cr\u00e9ativit\u00e9 de votre enfant gr\u00e2ce aux jeux sonores, d\u00e8s qu&rsquo;il sait jouer ses premi\u00e8res notes de musique<br \/>\n\u2022 Cr\u00e9er de la complicit\u00e9 au quotidien, en musique, gr\u00e2ce \u00e0 l&rsquo;improvisation<\/p>\n<p><strong>Module 3 : Int\u00e9grer ou revoir quelques bases de solf\u00e8ge<\/strong><br \/>\n<img loading=\"lazy\" decoding=\"async\" class=\"\" src=\"https:\/\/la-musique-et-vous.com\/formation\/wp-formation\/wp-content\/uploads\/2020\/04\/Module-3-notions-de-solf\u00e8ge.jpg\" width=\"450\" height=\"377\" \/><br \/>\n\u2022 la port\u00e9e<br \/>\n\u2022 les clefs<br \/>\n\u2022 lire les notes<br \/>\n\u2022 les diff\u00e9rentes mesures<br \/>\n\u2022 la tonalit\u00e9<br \/>\n\u2022 les gammes<br \/>\n\u2022 les modes<br \/>\n\u2022 les rythmes<br \/>\n\u2022 la transposition&#8230;<br \/>\nRessources en ligne et outils pour que vous ayez quelques rep\u00e8res, et si besoin, vous r\u00e9concilier avec le solf\u00e8ge<\/p>\n<p><strong>Module 4 : ABC de la pratique quotidienne<\/strong><br \/>\n<img loading=\"lazy\" decoding=\"async\" class=\"\" src=\"https:\/\/la-musique-et-vous.com\/formation\/wp-formation\/wp-content\/uploads\/2020\/04\/Module-4-laider-a-pratiquer-chaque-jour-1.jpg\" width=\"450\" height=\"377\" \/><\/p>\n<p>\u2022 Pourquoi et comment l\u2019enfant peut-il pratiquer tous les jours\u00a0? Installer des habitudes, des routines.<br \/>\n\u2022 Comment faire travailler un morceau \u00e0 votre enfant ? Quand devez vous lui \u00ab\u00a0l\u00e2cher les baskets\u00a0\u00bb et lui faire confiance ?<br \/>\n\u2022 Rep\u00e9rer les mauvaises habitudes et les signes avant-coureurs d\u2019une p\u00e9riode de d\u00e9motivation (d\u00e9samorcer)<\/p>\n<p><strong>Module 5 : Les outils de la psychologie positive appliqu\u00e9s \u00e0 l\u2019apprentissage musical<\/strong><br \/>\n<img loading=\"lazy\" decoding=\"async\" class=\"\" src=\"https:\/\/la-musique-et-vous.com\/formation\/wp-formation\/wp-content\/uploads\/2020\/04\/Module-5-psychologie-positive.jpg\" width=\"450\" height=\"377\" \/><br \/>\n\u2022 Conna\u00eetre les bases de la psychologie de la motivation et de l&rsquo;apprentissage et communiquer de mani\u00e8re efficace<br \/>\n\u2022 Conna\u00eetre ses propres limites et celles de son enfant<br \/>\n\u2022 Lutter contre les id\u00e9es n\u00e9gatives et g\u00e9rer les conflits<br \/>\n\u2022 Sans punition ni chantage\u00a0: les bases d\u2019une \u00e9ducation positive appliqu\u00e9e \u00e0 la musique.<\/p>\n<p><strong>Module 6 : Tenir sur la dur\u00e9e<\/strong><br \/>\n<img loading=\"lazy\" decoding=\"async\" class=\"\" src=\"https:\/\/la-musique-et-vous.com\/formation\/wp-formation\/wp-content\/uploads\/2020\/04\/Module-6-tenir-sur-la-duree.jpg\" width=\"450\" height=\"377\" \/><br \/>\n\u2022 Conna\u00eetre des astuces pour que votre enfant ait envie de jouer<br \/>\n\u2022 D\u00e9terminer pr\u00e9cis\u00e9ment l\u2019objectif \u00e0 atteindre<br \/>\n\u2022 D\u00e9composer les objectifs principaux en petits objectifs<br \/>\n\u2022 Les rapports avec le professeur<br \/>\n\u2022 Les pi\u00e8ges \u00e0 \u00e9viter pour ne pas saborder le parcours de l&rsquo;enfant<br \/>\n\u2022 Lutter contre la procrastination<br \/>\n\u2022 Objectif autonomie\u00a0!<\/p>\n<p><strong>Module 7 :\u00a0 Des approches innovantes<\/strong><br \/>\n<img loading=\"lazy\" decoding=\"async\" class=\"\" src=\"https:\/\/la-musique-et-vous.com\/formation\/wp-formation\/wp-content\/uploads\/2020\/04\/Module-7-pedagogies-innovantes.jpg\" width=\"450\" height=\"377\" \/><br \/>\nConna\u00eetre diff\u00e9rentes approches ou m\u00e9thodes p\u00e9dagogiques et s&rsquo;en inspirer au quotidien :<br \/>\n\u2022 Montessori<br \/>\n\u2022 O Passo<br \/>\n\u2022 Suzuki<br \/>\n\u2022 Tag teach<br \/>\n\u2022 etc.<br \/>\nSans s&rsquo;enfermer dans une seule m\u00e9thode, trouver de nouveaux outils pour aider l&rsquo;enfant \u00e0 avancer.<\/p>\n<p><strong>Module 8 : Jouer en public<\/strong><br \/>\n<img loading=\"lazy\" decoding=\"async\" class=\"\" src=\"https:\/\/la-musique-et-vous.com\/formation\/wp-formation\/wp-content\/uploads\/2020\/04\/Module-8-jouer-en-public.jpg\" width=\"450\" height=\"377\" \/><br \/>\n\u2022 Pr\u00e9parer votre enfant \u00e0 jouer en public (concerts, auditions, examens&#8230;)<br \/>\n\u2022 L&rsquo;aider \u00e0 g\u00e9rer le trac et \u00e0 avoir confiance en lui pour que cela soit une exp\u00e9rience enrichissante et enthousiasmante<\/p>\n<p>L&rsquo;achat de la formation compl\u00e8te vous permet de recevoir \u00e9galement <strong>3 bonus<\/strong> :<strong><br \/>\n<\/strong><\/p>\n<p><strong>Bonus N\u00b01<\/strong><\/p>\n<p>Une banque de ressources gratuites\u00a0:<\/p>\n<ul>\n<li>trouver des partitions libres de droits sur internet,<\/li>\n<li>applis utiles pour tout musicien,<\/li>\n<li>annuaire des \u00e9coles de musique et conservatoires,<\/li>\n<li><em>etc<\/em>.<\/li>\n<\/ul>\n<p><strong>Bonus N\u00b02<\/strong><\/p>\n<p>Un cahier de coloriage d\u2019instrument.<\/p>\n<p><strong>Bonus N\u00b03<\/strong><\/p>\n<p>Je vous apprendrai \u00e0 vous servir d\u2019un logiciel d\u2019\u00e9criture musicale gratuit, la vid\u00e9o \u00e9tant aussi accessible aux enfants.<\/p>\n<p><strong>Important :<\/strong> si vous avez d\u00e9j\u00e0 achet\u00e9 un module isol\u00e9 il y a moins d&rsquo;un mois, vous pouvez demander le remboursement de ce dernier apr\u00e8s avoir achet\u00e9 la formation compl\u00e8te.<\/p>\n","protected":false},"excerpt":{"rendered":"<p>Cette formation vous donnera les outils pour accompagner votre enfant avec bienveillance dans son apprentissage musical<\/p>\n<p>https:\/\/la-musique-et-vous.com\/formation\/wp-formation\/wp-content\/uploads\/2020\/04\/Video-second-lancement-version-2.mp4<\/p>\n<p>Plus d&rsquo;informations dans la description compl\u00e8te ci-dessous<\/p>\n","protected":false},"featured_media":204,"comment_status":"closed","ping_status":"closed","template":"","meta":[],"product_brand":[],"product_cat":[15],"product_tag":[],"class_list":{"0":"post-203","1":"product","2":"type-product","3":"status-publish","4":"has-post-thumbnail","6":"product_cat-non-classe","8":"first","9":"instock","10":"sale","11":"downloadable","12":"virtual","13":"purchasable","14":"product-type-simple"},"jetpack_sharing_enabled":true,"_links":{"self":[{"href":"https:\/\/la-musique-et-vous.com\/formation\/wp-formation\/wp-json\/wp\/v2\/product\/203","targetHints":{"allow":["GET"]}}],"collection":[{"href":"https:\/\/la-musique-et-vous.com\/formation\/wp-formation\/wp-json\/wp\/v2\/product"}],"about":[{"href":"https:\/\/la-musique-et-vous.com\/formation\/wp-formation\/wp-json\/wp\/v2\/types\/product"}],"replies":[{"embeddable":true,"href":"https:\/\/la-musique-et-vous.com\/formation\/wp-formation\/wp-json\/wp\/v2\/comments?post=203"}],"wp:featuredmedia":[{"embeddable":true,"href":"https:\/\/la-musique-et-vous.com\/formation\/wp-formation\/wp-json\/wp\/v2\/media\/204"}],"wp:attachment":[{"href":"https:\/\/la-musique-et-vous.com\/formation\/wp-formation\/wp-json\/wp\/v2\/media?parent=203"}],"wp:term":[{"taxonomy":"product_brand","embeddable":true,"href":"https:\/\/la-musique-et-vous.com\/formation\/wp-formation\/wp-json\/wp\/v2\/product_brand?post=203"},{"taxonomy":"product_cat","embeddable":true,"href":"https:\/\/la-musique-et-vous.com\/formation\/wp-formation\/wp-json\/wp\/v2\/product_cat?post=203"},{"taxonomy":"product_tag","embeddable":true,"href":"https:\/\/la-musique-et-vous.com\/formation\/wp-formation\/wp-json\/wp\/v2\/product_tag?post=203"}],"curies":[{"name":"wp","href":"https:\/\/api.w.org\/{rel}","templated":true}]}}